{"id":2866,"date":"2022-01-09T17:01:34","date_gmt":"2022-01-09T17:01:34","guid":{"rendered":"https:\/\/www.frigobrava.com\/es\/?page_id=2866"},"modified":"2023-03-23T18:25:12","modified_gmt":"2023-03-23T18:25:12","slug":"francais-productos","status":"publish","type":"page","link":"https:\/\/frigobrava.com\/fr\/produits\/","title":{"rendered":"produits"},"content":{"rendered":"<p><\/p>\n<div class=\"contenedor\">\n<h2 class=\"text-align-center postTitle\">Produits \u00e0 louer<\/h2>\n<div class=\"buttons-select\">\n<ul>\n<li>\n<h3>1<\/h3>\n<\/li>\n<li><img decoding=\"async\" loading=\"lazy\" class=\"wp-image-174\" src=\"https:\/\/www.frigobrava.com\/wp-content\/uploads\/2017\/04\/b1.png\" alt=\"\" width=\"105\" height=\"105\" \/><\/li>\n<li class=\"text\">Prend note des mesures r\u00e9frig\u00e9rateur et choisir<\/li>\n<\/ul>\n<ul>\n<li>\n<h3>2<\/h3>\n<\/li>\n<li><img decoding=\"async\" loading=\"lazy\" class=\"wp-image-173\" src=\"https:\/\/www.frigobrava.com\/wp-content\/uploads\/2017\/04\/b2.png\" alt=\"\" width=\"105\" height=\"105\" \/><\/li>\n<li class=\"text\">Remplissez le formulaire<\/li>\n<\/ul>\n<ul>\n<li>\n<h3>3<\/h3>\n<\/li>\n<li><img decoding=\"async\" loading=\"lazy\" class=\"wp-image-172\" src=\"https:\/\/www.frigobrava.com\/wp-content\/uploads\/2017\/04\/b3.png\" alt=\"\" width=\"105\" height=\"105\" \/><\/li>\n<li class=\"text\">Et l\u2019envoyer!<\/li>\n<\/ul>\n<\/div>\n<div class=\"clear\"><\/div>\n<article>\n<div class=\"flex flex-wrap justify-center\">\n<div class=\"x-cent-25 mobile-50 float-initial--important\">\n<p><img decoding=\"async\" loading=\"lazy\" src=\"https:\/\/www.frigobrava.com\/wp-content\/uploads\/2017\/04\/RT351D4AW1-3.png\" alt=\"\" width=\"333\" height=\"500\" \/><\/p>\n<ul class=\"circle-info\">\n<li>\n<h3>XL<\/h3>\n<\/li>\n<li>\n<h6>1&rsquo;70 x 55 cm<\/h6>\n<\/li>\n<\/ul>\n<\/div>\n<\/div>\n<div class=\"clear padding-px-25\"><\/div>\n<div class=\"x-cent-33\">\n<ul class=\"semanas\">\n<li class=\"semana\">\n<h3>1*<br \/>\nsemaine<\/h3>\n<\/li>\n<li class=\"arrow-right\"><\/li>\n<li class=\"precio\">\n<h3><span class=\"euro\">\u20ac<\/span>65<\/h3>\n<\/li>\n<\/ul>\n<h3 class=\"semanas-info\">*La commande minimum est de 1 semaine<\/h3>\n<ul class=\"semanas\">\n<li class=\"semana\">\n<h3>2 semaines<\/h3>\n<\/li>\n<li class=\"arrow-right\"><\/li>\n<li class=\"precio\">\n<h3><span class=\"euro\">\u20ac<\/span>93<\/h3>\n<\/li>\n<\/ul>\n<\/div>\n<div class=\"x-cent-33\">\n<ul class=\"semanas\">\n<li class=\"semana\">\n<h3>3 semaines<\/h3>\n<\/li>\n<li class=\"arrow-right\"><\/li>\n<li class=\"precio\">\n<h3><span class=\"euro\">\u20ac<\/span>121<\/h3>\n<\/li>\n<\/ul>\n<h3 class=\"semanas-info\"><\/h3>\n<ul class=\"semanas\">\n<li class=\"semana\">\n<h3>4 semaines<\/h3>\n<\/li>\n<li class=\"arrow-right\"><\/li>\n<li class=\"precio\">\n<h3><span class=\"euro\">\u20ac<\/span>142<\/h3>\n<\/li>\n<\/ul>\n<\/div>\n<div class=\"x-cent-33\">\n<ul class=\"circle-info semana\">\n<li>\n<h3><span style=\"font-size: 50px;\">4<\/span><span class=\"euro\">\u20ac<\/span><br \/>\njour suppl\u00e9mentaire<\/h3>\n<\/li>\n<\/ul>\n<\/div>\n<div class=\"tc w-100\"><a class=\"btn-reservar\" href=\"https:\/\/www.frigobrava.com\/fr\/reservation\/\">RESERVATION<\/a><\/div>\n<div class=\"hr-separate \"><\/div>\n<div class=\"clear\"><\/div>\n<\/article>\n<article>\n<div class=\"flex flex-wrap justify-center\">\n<div class=\"x-cent-25 mobile-50 float-initial--important\">\n<p><img decoding=\"async\" loading=\"lazy\" src=\"https:\/\/www.frigobrava.com\/wp-content\/uploads\/2017\/04\/RT280D4AW1-2.png\" alt=\"\" width=\"333\" height=\"500\" \/><\/p>\n<ul class=\"circle-info\">\n<li>\n<h3>L<\/h3>\n<\/li>\n<li>\n<h6>1&rsquo;45 x 55 cm<\/h6>\n<\/li>\n<\/ul>\n<\/div>\n<\/div>\n<div class=\"clear padding-px-25\"><\/div>\n<div class=\"x-cent-33\">\n<ul class=\"semanas\">\n<li class=\"semana\">\n<h3>1*<br \/>\nsemaine<\/h3>\n<\/li>\n<li class=\"arrow-right\"><\/li>\n<li class=\"precio\">\n<h3><span class=\"euro\">\u20ac<\/span>60<\/h3>\n<\/li>\n<\/ul>\n<h3 class=\"semanas-info\">*La commande minimum est de 1 semaine<\/h3>\n<ul class=\"semanas\">\n<li class=\"semana\">\n<h3>2 semaines<\/h3>\n<\/li>\n<li class=\"arrow-right\"><\/li>\n<li class=\"precio\">\n<h3><span class=\"euro\">\u20ac<\/span>88<\/h3>\n<\/li>\n<\/ul>\n<\/div>\n<div class=\"x-cent-33\">\n<ul class=\"semanas\">\n<li class=\"semana\">\n<h3>3 semaines<\/h3>\n<\/li>\n<li class=\"arrow-right\"><\/li>\n<li class=\"precio\">\n<h3><span class=\"euro\">\u20ac<\/span>116<\/h3>\n<\/li>\n<\/ul>\n<h3 class=\"semanas-info\"><\/h3>\n<ul class=\"semanas\">\n<li class=\"semana\">\n<h3>4 semaines<\/h3>\n<\/li>\n<li class=\"arrow-right\"><\/li>\n<li class=\"precio\">\n<h3><span class=\"euro\">\u20ac<\/span>137<\/h3>\n<\/li>\n<\/ul>\n<\/div>\n<div class=\"x-cent-33\">\n<ul class=\"circle-info semana\">\n<li>\n<h3><span style=\"font-size: 50px;\">4<\/span><span class=\"euro\">\u20ac<\/span><br \/>\njour suppl\u00e9mentaire<\/h3>\n<\/li>\n<\/ul>\n<\/div>\n<div class=\"tc w-100\"><a class=\"btn-reservar\" href=\"https:\/\/www.frigobrava.com\/fr\/reservation\/\">RESERVATION<\/a><\/div>\n<div class=\"hr-separate \"><\/div>\n<div class=\"clear\"><\/div>\n<\/article>\n<article>\n<div class=\"flex flex-wrap justify-center\">\n<div class=\"x-cent-25 mobile-50 float-initial--important\">\n<p><img decoding=\"async\" loading=\"lazy\" src=\"https:\/\/www.frigobrava.com\/wp-content\/uploads\/2017\/04\/RR125D4AW1-2.png\" alt=\"\" width=\"333\" height=\"500\" \/><\/p>\n<ul class=\"circle-info\">\n<li>\n<h3>S<\/h3>\n<\/li>\n<li>\n<h6>0&rsquo;85 x 55 cm<\/h6>\n<\/li>\n<\/ul>\n<\/div>\n<\/div>\n<div class=\"clear padding-px-25\"><\/div>\n<div class=\"x-cent-33\">\n<ul class=\"semanas\">\n<li class=\"semana\">\n<h3>1*<br \/>\nsemaine<\/h3>\n<\/li>\n<li class=\"arrow-right\"><\/li>\n<li class=\"precio\">\n<h3><span class=\"euro\">\u20ac<\/span>52<\/h3>\n<\/li>\n<\/ul>\n<h3 class=\"semanas-info\">*La commande minimum est de 1 semaine<\/h3>\n<ul class=\"semanas\">\n<li class=\"semana\">\n<h3>2 semaines<\/h3>\n<\/li>\n<li class=\"arrow-right\"><\/li>\n<li class=\"precio\">\n<h3><span class=\"euro\">\u20ac<\/span>73<\/h3>\n<\/li>\n<\/ul>\n<\/div>\n<div class=\"x-cent-33\">\n<ul class=\"semanas\">\n<li class=\"semana\">\n<h3>3 semaines<\/h3>\n<\/li>\n<li class=\"arrow-right\"><\/li>\n<li class=\"precio\">\n<h3><span class=\"euro\">\u20ac<\/span>94<\/h3>\n<\/li>\n<\/ul>\n<h3 class=\"semanas-info\"><\/h3>\n<ul class=\"semanas\">\n<li class=\"semana\">\n<h3>4 semaines<\/h3>\n<\/li>\n<li class=\"arrow-right\"><\/li>\n<li class=\"precio\">\n<h3><span class=\"euro\">\u20ac<\/span>115<\/h3>\n<\/li>\n<\/ul>\n<\/div>\n<div class=\"x-cent-33\">\n<ul class=\"circle-info semana\">\n<li>\n<h3><span style=\"font-size: 50px;\">3<\/span><span class=\"euro\">\u20ac<\/span><br \/>\njour suppl\u00e9mentaire<\/h3>\n<\/li>\n<\/ul>\n<\/div>\n<div class=\"tc w-100\"><a class=\"btn-reservar\" href=\"https:\/\/www.frigobrava.com\/fr\/reservation\/\">RESERVATION<\/a><\/div>\n<div class=\"hr-separate \"><\/div>\n<div class=\"clear\"><\/div>\n<\/article>\n<div class=\"padding_top_50\"><\/div>\n<div class=\"clear\"><\/div>\n<div class=\"x-cent-33 padding_top_50\">\n<div class=\"clear padding-px-25\"><\/div>\n<h2 class=\"blue\">Oferta:<\/h2>\n<p><img decoding=\"async\" loading=\"lazy\" src=\"https:\/\/www.frigobrava.com\/wp-content\/uploads\/2017\/04\/microondas-alquiler-300x155.jpg\" alt=\"\" width=\"300\" height=\"155\" \/><\/p>\n<\/div>\n<div class=\"x-cent-33\">\n<h3 class=\"text-align-center title_oferta\">La location d\u2019un r\u00e9frig\u00e9rateur, un micro-ondes louer pour seulement<\/h3>\n<\/div>\n<div class=\"x-cent-33\">\n<ul class=\"circle-info oferta\">\n<li>\n<h3>20<span class=\"euro\">\u20ac<\/span><\/h3>\n<\/li>\n<\/ul>\n<\/div>\n<\/div>\n<div class=\"clear padding-px-25\"><\/div>\n<p><\/p>","protected":false},"excerpt":{"rendered":"<p>Produits \u00e0 louer 1 Prend note des mesures r\u00e9frig\u00e9rateur et choisir 2 Remplissez le formulaire 3 Et l\u2019envoyer! XL 1&rsquo;70 x 55 cm 1* semaine \u20ac65 *La commande minimum est de 1 semaine 2 semaines \u20ac93 3 semaines \u20ac121 4 semaines \u20ac142 4\u20ac jour suppl\u00e9mentaire RESERVATION L 1&rsquo;45 x 55 cm 1* semaine \u20ac60 *La [&hellip;]<\/p>\n","protected":false},"author":1,"featured_media":0,"parent":0,"menu_order":0,"comment_status":"closed","ping_status":"closed","template":"","meta":[],"_links":{"self":[{"href":"https:\/\/frigobrava.com\/fr\/wp-json\/wp\/v2\/pages\/2866"}],"collection":[{"href":"https:\/\/frigobrava.com\/fr\/wp-json\/wp\/v2\/pages"}],"about":[{"href":"https:\/\/frigobrava.com\/fr\/wp-json\/wp\/v2\/types\/page"}],"author":[{"embeddable":true,"href":"https:\/\/frigobrava.com\/fr\/wp-json\/wp\/v2\/users\/1"}],"replies":[{"embeddable":true,"href":"https:\/\/frigobrava.com\/fr\/wp-json\/wp\/v2\/comments?post=2866"}],"version-history":[{"count":48,"href":"https:\/\/frigobrava.com\/fr\/wp-json\/wp\/v2\/pages\/2866\/revisions"}],"predecessor-version":[{"id":3094,"href":"https:\/\/frigobrava.com\/fr\/wp-json\/wp\/v2\/pages\/2866\/revisions\/3094"}],"wp:attachment":[{"href":"https:\/\/frigobrava.com\/fr\/wp-json\/wp\/v2\/media?parent=2866"}],"curies":[{"name":"wp","href":"https:\/\/api.w.org\/{rel}","templated":true}]}}